{"id":9305,"date":"2022-11-29T16:24:38","date_gmt":"2022-11-29T15:24:38","guid":{"rendered":"https:\/\/www.invest-in-occitanie.com\/agriculture-food-industry-sector\/"},"modified":"2023-11-14T15:40:36","modified_gmt":"2023-11-14T14:40:36","slug":"agriculture-food-industry-sector","status":"publish","type":"page","link":"https:\/\/www.invest-in-occitanie.com\/en\/agriculture-food-industry-sector\/","title":{"rendered":"Agriculture\/food industry sector"},"content":{"rendered":"\t\t<div data-elementor-type=\"wp-page\" data-elementor-id=\"9305\" class=\"elementor elementor-9305 elementor-5611\" data-elementor-post-type=\"page\">\n\t\t\t\t\t\t<section class=\"elementor-section elementor-top-section elementor-element elementor-element-57b6a99d elementor-section-boxed elementor-section-height-default elementor-section-height-default\" data-id=\"57b6a99d\" data-element_type=\"section\" data-e-type=\"section\">\n\t\t\t\t\t\t<div class=\"elementor-container elementor-column-gap-default\">\n\t\t\t\t\t<div class=\"elementor-column elementor-col-50 elementor-top-column elementor-element elementor-element-5b5a8fbd\" data-id=\"5b5a8fbd\" data-element_type=\"column\" data-e-type=\"column\">\n\t\t\t<div class=\"elementor-widget-wrap elementor-element-populated\">\n\t\t\t\t\t\t<div class=\"elementor-element elementor-element-703af03 elementor-widget elementor-widget-text-editor\" data-id=\"703af03\" data-element_type=\"widget\" data-e-type=\"widget\" data-widget_type=\"text-editor.default\">\n\t\t\t\t<div class=\"elementor-widget-container\">\n\t\t\t\t\t\t\t\t\t<ul><li><strong>Largest vineyard in the world in terms of area<\/strong> for wines of origin<\/li><li><strong>1<sup>st<\/sup> agricultural region<\/strong> in France in terms of area<\/li><li><strong>1<sup>st<\/sup> organic region in France<\/strong> in number of farms<\/li><li><strong>1<sup>st<\/sup> region in Europe for the number of products with quality labels<\/strong> (250 references &#8211; IGP, AOC, AOP, Label rouge etc&#8230;)<\/li><li><strong>2<sup>nd<\/sup> region for fruit &amp; vegetable production<\/strong><\/li><li><strong>3<sup>rd<\/sup> agri-food region in France<\/strong> with 7,000 establishments<\/li><li><strong>Leading region for products<\/strong> bearing an official <strong>quality and origin label<\/strong><\/li><li><strong>2 innovation clusters<\/strong>: Agri Sud-Ouest Innovation, Innov&#8217;Alliance<\/li><li><strong>A dense network of research centers<\/strong>: Agropolis International (CIRAD, INRAe , SUP Agro, CGIAR, IRD, etc&#8230;), ENSAT Toulouse, etc.<\/li><\/ul>\t\t\t\t\t\t\t\t<\/div>\n\t\t\t\t<\/div>\n\t\t\t\t\t<\/div>\n\t\t<\/div>\n\t\t\t\t<div class=\"elementor-column elementor-col-50 elementor-top-column elementor-element elementor-element-57697c3b\" data-id=\"57697c3b\" data-element_type=\"column\" data-e-type=\"column\">\n\t\t\t<div class=\"elementor-widget-wrap elementor-element-populated\">\n\t\t\t\t\t\t<div class=\"elementor-element elementor-element-27dee49a elementor-widget elementor-widget-text-editor\" data-id=\"27dee49a\" data-element_type=\"widget\" data-e-type=\"widget\" data-widget_type=\"text-editor.default\">\n\t\t\t\t<div class=\"elementor-widget-container\">\n\t\t\t\t\t\t\t\t\t<p><strong>They chose Occitanie<\/strong><br \/>Andros, Arterris , Blue Whale , C\u00e9moi , Haribo, Carte Noire, Mars, Nestl\u00e9 Waters, Nutrition &amp; Sant\u00e9, Poppies Berlidon , Roquefort Soci\u00e9t\u00e9, Raynal &amp; Rauquelaure , Saint Mamet, Salins du Midi.<\/p>\t\t\t\t\t\t\t\t<\/div>\n\t\t\t\t<\/div>\n\t\t\t\t<div class=\"elementor-element elementor-element-470d60c8 elementor-widget elementor-widget-text-editor\" data-id=\"470d60c8\" data-element_type=\"widget\" data-e-type=\"widget\" data-widget_type=\"text-editor.default\">\n\t\t\t\t<div class=\"elementor-widget-container\">\n\t\t\t\t\t\t\t\t\t<p><strong>Discover the strengths of Occitanie&#8217;s agriculture and food industry<\/strong><\/p>\n\t\t\t\t\t\t\t\t<\/div>\n\t\t\t\t<\/div>\n\t\t\t\t<div class=\"elementor-element elementor-element-31a80d88 elementor-widget elementor-widget-button\" data-id=\"31a80d88\" data-element_type=\"widget\" data-e-type=\"widget\" data-widget_type=\"button.default\">\n\t\t\t\t<div class=\"elementor-widget-container\">\n\t\t\t\t\t\t\t\t\t<div class=\"elementor-button-wrapper\">\n\t\t\t\t\t<a class=\"elementor-button elementor-button-link elementor-size-sm\" href=\"https:\/\/www.invest-in-occitanie.com\/wp-content\/uploads\/2020\/02\/PLAQUETTE-ATTRACTIVITE-AGRO-2VOLETS-GB.pdf\">\n\t\t\t\t\t\t<span class=\"elementor-button-content-wrapper\">\n\t\t\t\t\t\t\t\t\t<span class=\"elementor-button-text\">Click here !<\/span>\n\t\t\t\t\t<\/span>\n\t\t\t\t\t<\/a>\n\t\t\t\t<\/div>\n\t\t\t\t\t\t\t\t<\/div>\n\t\t\t\t<\/div>\n\t\t\t\t\t<\/div>\n\t\t<\/div>\n\t\t\t\t\t<\/div>\n\t\t<\/section>\n\t\t\t\t<section class=\"elementor-section elementor-top-section elementor-element elementor-element-e39bc9d elementor-section-boxed elementor-section-height-default elementor-section-height-default\" data-id=\"e39bc9d\" data-element_type=\"section\" data-e-type=\"section\">\n\t\t\t\t\t\t<div class=\"elementor-container elementor-column-gap-default\">\n\t\t\t\t\t<div class=\"elementor-column elementor-col-100 elementor-top-column elementor-element elementor-element-14d5c2d\" data-id=\"14d5c2d\" data-element_type=\"column\" data-e-type=\"column\">\n\t\t\t<div class=\"elementor-widget-wrap elementor-element-populated\">\n\t\t\t\t\t\t<div class=\"elementor-element elementor-element-e3864f4 elementor-widget elementor-widget-heading\" data-id=\"e3864f4\" data-element_type=\"widget\" data-e-type=\"widget\" data-widget_type=\"heading.default\">\n\t\t\t\t<div class=\"elementor-widget-container\">\n\t\t\t\t\t<h2 class=\"elementor-heading-title elementor-size-default\">Your contact<\/h2>\t\t\t\t<\/div>\n\t\t\t\t<\/div>\n\t\t\t\t\t<\/div>\n\t\t<\/div>\n\t\t\t\t\t<\/div>\n\t\t<\/section>\n\t\t\t\t<section class=\"elementor-section elementor-top-section elementor-element elementor-element-6c2d113 elementor-section-boxed elementor-section-height-default elementor-section-height-default\" data-id=\"6c2d113\" data-element_type=\"section\" data-e-type=\"section\">\n\t\t\t\t\t\t<div class=\"elementor-container elementor-column-gap-default\">\n\t\t\t\t\t<div class=\"elementor-column elementor-col-100 elementor-top-column elementor-element elementor-element-c2560e2\" data-id=\"c2560e2\" data-element_type=\"column\" data-e-type=\"column\">\n\t\t\t<div class=\"elementor-widget-wrap elementor-element-populated\">\n\t\t\t\t\t\t<div class=\"elementor-element elementor-element-2be87d9 elementor-widget elementor-widget-ere-agents-widget-2\" data-id=\"2be87d9\" data-element_type=\"widget\" data-e-type=\"widget\" data-widget_type=\"ere-agents-widget-2.default\">\n\t\t\t\t<div class=\"elementor-widget-container\">\n\t\t\t\t\t            <div class=\"rhea_wrapper_agents_two\">\n\n                <div class=\"rhea_section__agents_two rhea_col_3\">\n\t\t\t\t\t<article class=\"rhea_agent_two\">\n\n    <div class=\"rhea_agent_two_wrap\">\n\t\t            <div class=\"rhea_agent_two_thumbnail\">\n\t\t\t\t                    <span class=\"rhea_agent_two_thumb\">\n                        <img decoding=\"async\" width=\"210\" height=\"210\" src=\"https:\/\/www.invest-in-occitanie.com\/wp-content\/uploads\/2023\/02\/Aurore-C-NB-210x210.jpg\" class=\"attachment-agent-image size-agent-image\" alt=\"\" srcset=\"https:\/\/www.invest-in-occitanie.com\/wp-content\/uploads\/2023\/02\/Aurore-C-NB-210x210.jpg 210w, https:\/\/www.invest-in-occitanie.com\/wp-content\/uploads\/2023\/02\/Aurore-C-NB-300x300.jpg 300w, https:\/\/www.invest-in-occitanie.com\/wp-content\/uploads\/2023\/02\/Aurore-C-NB-150x150.jpg 150w, https:\/\/www.invest-in-occitanie.com\/wp-content\/uploads\/2023\/02\/Aurore-C-NB.jpg 500w\" sizes=\"(max-width: 210px) 100vw, 210px\" \/>                    <\/span>\n\t\t\t\t\t            <\/div>\n\t\t\t\n        <div class=\"rhea_agent_two_details\">\n\n\t\t\t                <h3 class=\"rhea_agent_two_title\">\n\t\t\t\t\t                        <span>Aurore Carvalho<\/span>\n\t\t\t\t\t\t                <\/h3>\n\t\t\t\t                <span class=\"rhea_agent_designation\">Project manager<\/span>\n\t\t\t\t                <p class=\"rhea_agent_two_excerpt\">Agrifood, Environment, Eco-activities, Water<\/p>\n\t\t\t\t                <div class=\"rhea_agent_two_meta number\">\n                    <i class=\"fas fa-phone-alt\"><\/i>\n                    <a href=\"tel:+33 6 13 49 86 31 \">\n\t\t\t\t\t\t+33 6 13 49 86 31                     <\/a>\n                <\/div>\n\n\t\t\t\t                <div class=\"rhea_agent_two_meta email\">\n                    <i class=\"fas fa-envelope\"><\/i>\n                    <a href=\"mailto:au&#114;ore&#046;&#099;arv&#097;lh&#111;&#064;agen&#099;e&#045;a&#100;&#111;&#099;c.co&#109;\">\n\t\t\t\t\t\t&#097;uro&#114;e&#046;&#099;&#097;rva&#108;&#104;&#111;&#064;&#097;&#103;&#101;&#110;&#099;e&#045;&#097;&#100;o&#099;c.&#099;&#111;m                    <\/a>\n                <\/div>\n\t\t\t\t        <\/div>\n        <!-- ending .rhea_agent_two_details div -->\n\n    <\/div>\n    <!-- ending .rhea_agent_two_wrap div -->\n\n<\/article>\n<!-- ending .rhea_agent_two article -->                <\/div>\n\n            <\/div>\n\t\t\t\t\t\t\t<\/div>\n\t\t\t\t<\/div>\n\t\t\t\t\t<\/div>\n\t\t<\/div>\n\t\t\t\t\t<\/div>\n\t\t<\/section>\n\t\t\t\t<\/div>\n\t\t","protected":false},"excerpt":{"rendered":"<p>Largest vineyard in the world in terms of area for wines of origin 1st agricultural region in France in terms of area 1st organic region in France in number of farms 1st region in Europe for the number of products with quality labels (250 references &#8211; IGP, AOC, AOP, Label rouge etc&#8230;) 2nd region for&#8230;<\/p>\n","protected":false},"author":1,"featured_media":8852,"parent":0,"menu_order":0,"comment_status":"closed","ping_status":"closed","template":"","meta":{"_acf_changed":false,"_seopress_robots_primary_cat":"","_seopress_titles_title":"","_seopress_titles_desc":"","_seopress_robots_index":"","footnotes":""},"class_list":["post-9305","page","type-page","status-publish","has-post-thumbnail","hentry"],"acf":[],"_links":{"self":[{"href":"https:\/\/www.invest-in-occitanie.com\/en\/wp-json\/wp\/v2\/pages\/9305","targetHints":{"allow":["GET"]}}],"collection":[{"href":"https:\/\/www.invest-in-occitanie.com\/en\/wp-json\/wp\/v2\/pages"}],"about":[{"href":"https:\/\/www.invest-in-occitanie.com\/en\/wp-json\/wp\/v2\/types\/page"}],"author":[{"embeddable":true,"href":"https:\/\/www.invest-in-occitanie.com\/en\/wp-json\/wp\/v2\/users\/1"}],"replies":[{"embeddable":true,"href":"https:\/\/www.invest-in-occitanie.com\/en\/wp-json\/wp\/v2\/comments?post=9305"}],"version-history":[{"count":21,"href":"https:\/\/www.invest-in-occitanie.com\/en\/wp-json\/wp\/v2\/pages\/9305\/revisions"}],"predecessor-version":[{"id":10117,"href":"https:\/\/www.invest-in-occitanie.com\/en\/wp-json\/wp\/v2\/pages\/9305\/revisions\/10117"}],"wp:featuredmedia":[{"embeddable":true,"href":"https:\/\/www.invest-in-occitanie.com\/en\/wp-json\/wp\/v2\/media\/8852"}],"wp:attachment":[{"href":"https:\/\/www.invest-in-occitanie.com\/en\/wp-json\/wp\/v2\/media?parent=9305"}],"curies":[{"name":"wp","href":"https:\/\/api.w.org\/{rel}","templated":true}]}}