{"id":9324,"date":"2022-11-29T16:42:00","date_gmt":"2022-11-29T15:42:00","guid":{"rendered":"https:\/\/www.invest-in-occitanie.com\/water-environment-sector\/"},"modified":"2025-04-11T12:34:41","modified_gmt":"2025-04-11T10:34:41","slug":"water-environment-sector","status":"publish","type":"page","link":"https:\/\/www.invest-in-occitanie.com\/en\/water-environment-sector\/","title":{"rendered":"Water \/ Environment sector"},"content":{"rendered":"\t\t<div data-elementor-type=\"wp-page\" data-elementor-id=\"9324\" class=\"elementor elementor-9324 elementor-5645\" data-elementor-post-type=\"page\">\n\t\t\t\t\t\t<section class=\"elementor-section elementor-top-section elementor-element elementor-element-57b6a99d elementor-section-boxed elementor-section-height-default elementor-section-height-default\" data-id=\"57b6a99d\" data-element_type=\"section\" data-e-type=\"section\">\n\t\t\t\t\t\t<div class=\"elementor-container elementor-column-gap-default\">\n\t\t\t\t\t<div class=\"elementor-column elementor-col-50 elementor-top-column elementor-element elementor-element-5b5a8fbd\" data-id=\"5b5a8fbd\" data-element_type=\"column\" data-e-type=\"column\">\n\t\t\t<div class=\"elementor-widget-wrap elementor-element-populated\">\n\t\t\t\t\t\t<div class=\"elementor-element elementor-element-703af03 elementor-widget elementor-widget-text-editor\" data-id=\"703af03\" data-element_type=\"widget\" data-e-type=\"widget\" data-widget_type=\"text-editor.default\">\n\t\t\t\t<div class=\"elementor-widget-container\">\n\t\t\t\t\t\t\t\t\t<ul><li><strong>1<sup>st<\/sup> French region<\/strong> in number of territories with <strong>positive energy<\/strong> for <strong>green growth<\/strong><\/li><li><strong>1<sup>st<\/sup> French region in terms of biodiversity<\/strong><\/li><li><strong>2 major innovation clusters<\/strong>: Aqua Valley and Pole Mer M\u00e9diterran\u00e9e<\/li><li><strong>Numerous internationally-recognised research centers<\/strong>: IM2E, MUSE, LabEx CeMEB, Oreme, GIS WATER.<\/li><li><strong>1 business cluster<\/strong>: Terinov<\/li><li><strong>Out of 1.6 billion m<sup>3<\/sup> of water withdrawn annually<\/strong>:<ul><li>42% is used for agriculture<\/li><li>38% for drinking water<\/li><li>20% for industry<\/li><\/ul><\/li><li><strong>Strategic support and guidance tools for the environment<\/strong>:<ul><li><strong>ADEME<\/strong> (Agency for Ecological Transition)<\/li><li><strong>Occitanie Regional Biodiversity Agency<\/strong><\/li><li><strong>Regional actions<\/strong> &#8211; Regional Plan for Waste Prevention and Management \/ Transformation and Development Plan<\/li><\/ul><\/li><\/ul>\t\t\t\t\t\t\t\t<\/div>\n\t\t\t\t<\/div>\n\t\t\t\t\t<\/div>\n\t\t<\/div>\n\t\t\t\t<div class=\"elementor-column elementor-col-50 elementor-top-column elementor-element elementor-element-57697c3b\" data-id=\"57697c3b\" data-element_type=\"column\" data-e-type=\"column\">\n\t\t\t<div class=\"elementor-widget-wrap elementor-element-populated\">\n\t\t\t\t\t\t<div class=\"elementor-element elementor-element-27dee49a elementor-widget elementor-widget-text-editor\" data-id=\"27dee49a\" data-element_type=\"widget\" data-e-type=\"widget\" data-widget_type=\"text-editor.default\">\n\t\t\t\t<div class=\"elementor-widget-container\">\n\t\t\t\t\t\t\t\t\t<p><strong>They chose Occitanie<\/strong><br \/>Geoter and Geo\u00efd (Fugro), Schlumberger, BRL Ing\u00e9nierie, CACG, Biotope, Phytocontrol , V\u00e9olia Eau, SAUR, ECA Robotics, Hydromobil SAS, Bio-UV, Sogea Sud, Razel Bec (Fayat), Bonna Sabla , Ametyst.<\/p>\t\t\t\t\t\t\t\t<\/div>\n\t\t\t\t<\/div>\n\t\t\t\t<div class=\"elementor-element elementor-element-470d60c8 elementor-widget elementor-widget-text-editor\" data-id=\"470d60c8\" data-element_type=\"widget\" data-e-type=\"widget\" data-widget_type=\"text-editor.default\">\n\t\t\t\t<div class=\"elementor-widget-container\">\n\t\t\t\t\t\t\t\t\t<p><strong>Download the brochure<\/strong><\/p>\n\t\t\t\t\t\t\t\t<\/div>\n\t\t\t\t<\/div>\n\t\t\t\t<div class=\"elementor-element elementor-element-31a80d88 elementor-widget elementor-widget-button\" data-id=\"31a80d88\" data-element_type=\"widget\" data-e-type=\"widget\" data-widget_type=\"button.default\">\n\t\t\t\t<div class=\"elementor-widget-container\">\n\t\t\t\t\t\t\t\t\t<div class=\"elementor-button-wrapper\">\n\t\t\t\t\t<a class=\"elementor-button elementor-button-link elementor-size-sm\" href=\"https:\/\/www.invest-in-occitanie.com\/wp-content\/uploads\/2023\/06\/plaquette-eau-environnement-21-GB.pdf\" target=\"_blank\">\n\t\t\t\t\t\t<span class=\"elementor-button-content-wrapper\">\n\t\t\t\t\t\t\t\t\t<span class=\"elementor-button-text\">Click here !<\/span>\n\t\t\t\t\t<\/span>\n\t\t\t\t\t<\/a>\n\t\t\t\t<\/div>\n\t\t\t\t\t\t\t\t<\/div>\n\t\t\t\t<\/div>\n\t\t\t\t\t<\/div>\n\t\t<\/div>\n\t\t\t\t\t<\/div>\n\t\t<\/section>\n\t\t\t\t<section class=\"elementor-section elementor-top-section elementor-element elementor-element-e39bc9d elementor-section-boxed elementor-section-height-default elementor-section-height-default\" data-id=\"e39bc9d\" data-element_type=\"section\" data-e-type=\"section\">\n\t\t\t\t\t\t<div class=\"elementor-container elementor-column-gap-default\">\n\t\t\t\t\t<div class=\"elementor-column elementor-col-100 elementor-top-column elementor-element elementor-element-14d5c2d\" data-id=\"14d5c2d\" data-element_type=\"column\" data-e-type=\"column\">\n\t\t\t<div class=\"elementor-widget-wrap elementor-element-populated\">\n\t\t\t\t\t\t<div class=\"elementor-element elementor-element-e3864f4 elementor-widget elementor-widget-heading\" data-id=\"e3864f4\" data-element_type=\"widget\" data-e-type=\"widget\" data-widget_type=\"heading.default\">\n\t\t\t\t<div class=\"elementor-widget-container\">\n\t\t\t\t\t<h2 class=\"elementor-heading-title elementor-size-default\">Your contacts<\/h2>\t\t\t\t<\/div>\n\t\t\t\t<\/div>\n\t\t\t\t\t<\/div>\n\t\t<\/div>\n\t\t\t\t\t<\/div>\n\t\t<\/section>\n\t\t\t\t<section class=\"elementor-section elementor-top-section elementor-element elementor-element-6c2d113 elementor-section-boxed elementor-section-height-default elementor-section-height-default\" data-id=\"6c2d113\" data-element_type=\"section\" data-e-type=\"section\">\n\t\t\t\t\t\t<div class=\"elementor-container elementor-column-gap-default\">\n\t\t\t\t\t<div class=\"elementor-column elementor-col-100 elementor-top-column elementor-element elementor-element-c2560e2\" data-id=\"c2560e2\" data-element_type=\"column\" data-e-type=\"column\">\n\t\t\t<div class=\"elementor-widget-wrap elementor-element-populated\">\n\t\t\t\t\t\t<div class=\"elementor-element elementor-element-2be87d9 elementor-widget elementor-widget-ere-agents-widget-2\" data-id=\"2be87d9\" data-element_type=\"widget\" data-e-type=\"widget\" data-widget_type=\"ere-agents-widget-2.default\">\n\t\t\t\t<div class=\"elementor-widget-container\">\n\t\t\t\t\t            <div class=\"rhea_wrapper_agents_two\">\n\n                <div class=\"rhea_section__agents_two rhea_col_3\">\n\t\t\t\t\t<article class=\"rhea_agent_two\">\n\n    <div class=\"rhea_agent_two_wrap\">\n\t\t            <div class=\"rhea_agent_two_thumbnail\">\n\t\t\t\t                    <span class=\"rhea_agent_two_thumb\">\n                        <img decoding=\"async\" width=\"210\" height=\"210\" src=\"https:\/\/www.invest-in-occitanie.com\/wp-content\/uploads\/2022\/12\/carole-c-210x210.jpg\" class=\"attachment-agent-image size-agent-image\" alt=\"\" srcset=\"https:\/\/www.invest-in-occitanie.com\/wp-content\/uploads\/2022\/12\/carole-c-210x210.jpg 210w, https:\/\/www.invest-in-occitanie.com\/wp-content\/uploads\/2022\/12\/carole-c-300x300.jpg 300w, https:\/\/www.invest-in-occitanie.com\/wp-content\/uploads\/2022\/12\/carole-c-150x150.jpg 150w, https:\/\/www.invest-in-occitanie.com\/wp-content\/uploads\/2022\/12\/carole-c.jpg 500w\" sizes=\"(max-width: 210px) 100vw, 210px\" \/>                    <\/span>\n\t\t\t\t\t            <\/div>\n\t\t\t\n        <div class=\"rhea_agent_two_details\">\n\n\t\t\t                <h3 class=\"rhea_agent_two_title\">\n\t\t\t\t\t                        <span>Carole Crevel<\/span>\n\t\t\t\t\t\t                <\/h3>\n\t\t\t\t                <span class=\"rhea_agent_designation\">Project manager<\/span>\n\t\t\t\t                <p class=\"rhea_agent_two_excerpt\">Aerospace, Health, Cosmetics, Tourism, Environment<\/p>\n\t\t\t\t                <div class=\"rhea_agent_two_meta number\">\n                    <i class=\"fas fa-phone-alt\"><\/i>\n                    <a href=\"tel:+33 6 12 59 43 26\">\n\t\t\t\t\t\t+33 6 12 59 43 26                    <\/a>\n                <\/div>\n\n\t\t\t\t                <div class=\"rhea_agent_two_meta email\">\n                    <i class=\"fas fa-envelope\"><\/i>\n                    <a href=\"mailto:ca&#114;ol&#101;.cr&#101;&#118;e&#108;&#064;agen&#099;&#101;-&#097;do&#099;&#099;.c&#111;&#109;\">\n\t\t\t\t\t\t&#099;&#097;ro&#108;&#101;&#046;c&#114;&#101;vel&#064;&#097;&#103;&#101;&#110;c&#101;&#045;&#097;doc&#099;&#046;&#099;o&#109;                    <\/a>\n                <\/div>\n\t\t\t\t        <\/div>\n        <!-- ending .rhea_agent_two_details div -->\n\n    <\/div>\n    <!-- ending .rhea_agent_two_wrap div -->\n\n<\/article>\n<!-- ending .rhea_agent_two article --><article class=\"rhea_agent_two\">\n\n    <div class=\"rhea_agent_two_wrap\">\n\t\t            <div class=\"rhea_agent_two_thumbnail\">\n\t\t\t\t                    <span class=\"rhea_agent_two_thumb\">\n                        <img decoding=\"async\" width=\"210\" height=\"210\" src=\"https:\/\/www.invest-in-occitanie.com\/wp-content\/uploads\/2023\/02\/Aurore-C-NB-210x210.jpg\" class=\"attachment-agent-image size-agent-image\" alt=\"\" srcset=\"https:\/\/www.invest-in-occitanie.com\/wp-content\/uploads\/2023\/02\/Aurore-C-NB-210x210.jpg 210w, https:\/\/www.invest-in-occitanie.com\/wp-content\/uploads\/2023\/02\/Aurore-C-NB-300x300.jpg 300w, https:\/\/www.invest-in-occitanie.com\/wp-content\/uploads\/2023\/02\/Aurore-C-NB-150x150.jpg 150w, https:\/\/www.invest-in-occitanie.com\/wp-content\/uploads\/2023\/02\/Aurore-C-NB.jpg 500w\" sizes=\"(max-width: 210px) 100vw, 210px\" \/>                    <\/span>\n\t\t\t\t\t            <\/div>\n\t\t\t\n        <div class=\"rhea_agent_two_details\">\n\n\t\t\t                <h3 class=\"rhea_agent_two_title\">\n\t\t\t\t\t                        <span>Aurore Carvalho<\/span>\n\t\t\t\t\t\t                <\/h3>\n\t\t\t\t                <span class=\"rhea_agent_designation\">Project manager<\/span>\n\t\t\t\t                <p class=\"rhea_agent_two_excerpt\">Agrifood, Environment, Eco-activities, Water<\/p>\n\t\t\t\t                <div class=\"rhea_agent_two_meta number\">\n                    <i class=\"fas fa-phone-alt\"><\/i>\n                    <a href=\"tel:+33 6 13 49 86 31 \">\n\t\t\t\t\t\t+33 6 13 49 86 31                     <\/a>\n                <\/div>\n\n\t\t\t\t                <div class=\"rhea_agent_two_meta email\">\n                    <i class=\"fas fa-envelope\"><\/i>\n                    <a href=\"mailto:a&#117;r&#111;&#114;&#101;.&#099;&#097;rvalh&#111;&#064;a&#103;en&#099;&#101;&#045;a&#100;oc&#099;&#046;&#099;&#111;m\">\n\t\t\t\t\t\t&#097;&#117;&#114;&#111;re.&#099;arva&#108;ho&#064;&#097;g&#101;nc&#101;-a&#100;o&#099;&#099;&#046;co&#109;                    <\/a>\n                <\/div>\n\t\t\t\t        <\/div>\n        <!-- ending .rhea_agent_two_details div -->\n\n    <\/div>\n    <!-- ending .rhea_agent_two_wrap div -->\n\n<\/article>\n<!-- ending .rhea_agent_two article -->                <\/div>\n\n            <\/div>\n\t\t\t\t\t\t\t<\/div>\n\t\t\t\t<\/div>\n\t\t\t\t\t<\/div>\n\t\t<\/div>\n\t\t\t\t\t<\/div>\n\t\t<\/section>\n\t\t\t\t<\/div>\n\t\t","protected":false},"excerpt":{"rendered":"<p>1st French region in number of territories with positive energy for green growth 1st French region in terms of biodiversity 2 major innovation clusters: Aqua Valley and Pole Mer M\u00e9diterran\u00e9e Numerous internationally-recognised research centers: IM2E, MUSE, LabEx CeMEB, Oreme, GIS WATER. 1 business cluster: Terinov Out of 1.6 billion m3 of water withdrawn annually: 42%&#8230;<\/p>\n","protected":false},"author":1,"featured_media":8855,"parent":0,"menu_order":0,"comment_status":"closed","ping_status":"closed","template":"","meta":{"_acf_changed":false,"_seopress_robots_primary_cat":"","_seopress_titles_title":"","_seopress_titles_desc":"","_seopress_robots_index":"","footnotes":""},"class_list":["post-9324","page","type-page","status-publish","has-post-thumbnail","hentry"],"acf":[],"_links":{"self":[{"href":"https:\/\/www.invest-in-occitanie.com\/en\/wp-json\/wp\/v2\/pages\/9324","targetHints":{"allow":["GET"]}}],"collection":[{"href":"https:\/\/www.invest-in-occitanie.com\/en\/wp-json\/wp\/v2\/pages"}],"about":[{"href":"https:\/\/www.invest-in-occitanie.com\/en\/wp-json\/wp\/v2\/types\/page"}],"author":[{"embeddable":true,"href":"https:\/\/www.invest-in-occitanie.com\/en\/wp-json\/wp\/v2\/users\/1"}],"replies":[{"embeddable":true,"href":"https:\/\/www.invest-in-occitanie.com\/en\/wp-json\/wp\/v2\/comments?post=9324"}],"version-history":[{"count":16,"href":"https:\/\/www.invest-in-occitanie.com\/en\/wp-json\/wp\/v2\/pages\/9324\/revisions"}],"predecessor-version":[{"id":11889,"href":"https:\/\/www.invest-in-occitanie.com\/en\/wp-json\/wp\/v2\/pages\/9324\/revisions\/11889"}],"wp:featuredmedia":[{"embeddable":true,"href":"https:\/\/www.invest-in-occitanie.com\/en\/wp-json\/wp\/v2\/media\/8855"}],"wp:attachment":[{"href":"https:\/\/www.invest-in-occitanie.com\/en\/wp-json\/wp\/v2\/media?parent=9324"}],"curies":[{"name":"wp","href":"https:\/\/api.w.org\/{rel}","templated":true}]}}